{"id":3959,"date":"2026-05-09T00:24:38","date_gmt":"2026-05-09T00:24:38","guid":{"rendered":"https:\/\/astroastrologia.com.ar\/?page_id=3959"},"modified":"2026-05-09T00:24:39","modified_gmt":"2026-05-09T00:24:39","slug":"lilith-como-ver-nuestro-inconformismo-como-camino-hacia-la-sabiduria-tu-astrologia-7-mayo-2026","status":"publish","type":"page","link":"https:\/\/astroastrologia.com.ar\/index.php\/lilith-como-ver-nuestro-inconformismo-como-camino-hacia-la-sabiduria-tu-astrologia-7-mayo-2026\/","title":{"rendered":"Lilith \u00bfC\u00f3mo ver nuestro inconformismo como camino hacia la sabidur\u00eda? \u201cTu astrolog\u00eda&#8221; 7 mayo 2026"},"content":{"rendered":"\n<p>Programa de radio \u201cTu astrolog\u00eda\u201d del jueves 7 de mayo de 2026 conducido por V\u00edctor Landolfi por <a href=\"https:\/\/radiodivergentes.com.ar\/\">\u2060radio Divergentes\u2060<\/a> de Capilla del Monte, C\u00f3rdoba, Argentina. Hablamos del nuevo libro de V\u00edctor Landolfi \u201cLilith. Entre lo inconsciente y el autoconocimiento \u00bfQu\u00e9 significa la Luna Negra en astrolog\u00eda?\u201d. De Lilith entendida como el inconformismo permanente respecto a nuestra visi\u00f3n y comprensi\u00f3n del mundo; lo cual nos obliga a estar en una situaci\u00f3n de \u201ccrisis\u201d permanente que nos ayuda a superarnos y evolucionar espiritualmente. Del modo en que Lilith nos conduce a adoptar una mirada de creciente flexibilidad y enriquecimiento respecto a las teor\u00edas astrol\u00f3gicas, las cuales son puestas en crisis y cuestionamiento desde el momento en que incluimos a Lilith en la interpretaci\u00f3n astrol\u00f3gica de nuestra vida. De c\u00f3mo nuestro conocimiento y la exagerada seguridad que a veces tenemos respecto a \u00e9l, nos lleva a darle una preponderancia absoluta por sobre las distintas posibles interpretaciones que pueden existir sobre nuestras experiencias de vida y cotidianas.<\/p>\n\n\n\n<figure class=\"wp-block-embed is-type-video is-provider-youtube wp-block-embed-youtube wp-embed-aspect-16-9 wp-has-aspect-ratio\"><div class=\"wp-block-embed__wrapper\">\n<iframe loading=\"lazy\" title=\"Convergentes De lunes a Viernes de 14 a 17 hs en Radio Divergentes (07-05-26)\" width=\"500\" height=\"281\" src=\"https:\/\/www.youtube.com\/embed\/9SFQNBaJfbM?feature=oembed\" frameborder=\"0\" allow=\"accelerometer; autoplay; clipboard-write; encrypted-media; gyroscope; picture-in-picture; web-share\" referrerpolicy=\"strict-origin-when-cross-origin\" allowfullscreen><\/iframe>\n<\/div><\/figure>\n\n\n\n<p><\/p>\n","protected":false},"excerpt":{"rendered":"<p>Programa de radio \u201cTu astrolog\u00eda\u201d del jueves 7 de mayo de 2026 conducido por V\u00edctor Landolfi por \u2060radio Divergentes\u2060 de Capilla del Monte, C\u00f3rdoba, Argentina. Hablamos del nuevo libro de V\u00edctor Landolfi \u201cLilith. Entre lo inconsciente y el autoconocimiento \u00bfQu\u00e9 significa la Luna Negra en astrolog\u00eda?\u201d. De Lilith entendida como el inconformismo permanente respecto a [&hellip;]<\/p>\n","protected":false},"author":1,"featured_media":0,"parent":0,"menu_order":0,"comment_status":"closed","ping_status":"closed","template":"","meta":{"_uag_custom_page_level_css":"","footnotes":""},"class_list":["post-3959","page","type-page","status-publish","hentry"],"uagb_featured_image_src":{"full":false,"thumbnail":false,"medium":false,"medium_large":false,"large":false,"1536x1536":false,"2048x2048":false,"audioigniter_cover":false},"uagb_author_info":{"display_name":"admin","author_link":"https:\/\/astroastrologia.com.ar\/index.php\/author\/astroast\/"},"uagb_comment_info":0,"uagb_excerpt":"Programa de radio \u201cTu astrolog\u00eda\u201d del jueves 7 de mayo de 2026 conducido por V\u00edctor Landolfi por \u2060radio Divergentes\u2060 de Capilla del Monte, C\u00f3rdoba, Argentina. Hablamos del nuevo libro de V\u00edctor Landolfi \u201cLilith. Entre lo inconsciente y el autoconocimiento \u00bfQu\u00e9 significa la Luna Negra en astrolog\u00eda?\u201d. De Lilith entendida como el inconformismo permanente respecto a&hellip;","_links":{"self":[{"href":"https:\/\/astroastrologia.com.ar\/index.php\/wp-json\/wp\/v2\/pages\/3959","targetHints":{"allow":["GET"]}}],"collection":[{"href":"https:\/\/astroastrologia.com.ar\/index.php\/wp-json\/wp\/v2\/pages"}],"about":[{"href":"https:\/\/astroastrologia.com.ar\/index.php\/wp-json\/wp\/v2\/types\/page"}],"author":[{"embeddable":true,"href":"https:\/\/astroastrologia.com.ar\/index.php\/wp-json\/wp\/v2\/users\/1"}],"replies":[{"embeddable":true,"href":"https:\/\/astroastrologia.com.ar\/index.php\/wp-json\/wp\/v2\/comments?post=3959"}],"version-history":[{"count":1,"href":"https:\/\/astroastrologia.com.ar\/index.php\/wp-json\/wp\/v2\/pages\/3959\/revisions"}],"predecessor-version":[{"id":3960,"href":"https:\/\/astroastrologia.com.ar\/index.php\/wp-json\/wp\/v2\/pages\/3959\/revisions\/3960"}],"wp:attachment":[{"href":"https:\/\/astroastrologia.com.ar\/index.php\/wp-json\/wp\/v2\/media?parent=3959"}],"curies":[{"name":"wp","href":"https:\/\/api.w.org\/{rel}","templated":true}]}}