{"id":3940,"date":"2026-05-01T15:35:08","date_gmt":"2026-05-01T15:35:08","guid":{"rendered":"https:\/\/astroastrologia.com.ar\/?page_id=3940"},"modified":"2026-05-01T15:35:09","modified_gmt":"2026-05-01T15:35:09","slug":"la-luna-y-lilith-vivir-un-camino-de-superacion-y-evolucion-personal-tu-astrologia-30-abril-2026","status":"publish","type":"page","link":"https:\/\/astroastrologia.com.ar\/index.php\/la-luna-y-lilith-vivir-un-camino-de-superacion-y-evolucion-personal-tu-astrologia-30-abril-2026\/","title":{"rendered":"La Luna y Lilith, vivir un camino de superaci\u00f3n y evoluci\u00f3n personal. &#8220;Tu astrolog\u00eda&#8221; 30 abril 2026"},"content":{"rendered":"\n<p>Programa de radio \u201cTu astrolog\u00eda\u201d del jueves 30 de abril de 2026 conducido por V\u00edctor Landolfi por <a href=\"https:\/\/radiodivergentes.com.ar\/\">\u2060radio Divergentes\u2060<\/a> de Capilla del Monte, C\u00f3rdoba, Argentina. Hablamos de lo que significa Lilith, la Luna Negra, en nuestra vida especialmente como veh\u00edculo para poder integrar nuestra Luna a un movimiento evolutivo de nuestra experiencia de vida. Del nuevo libro publicado por V\u00edctor Landolfi: \u201cLilith. Entre lo inconsciente y el autoconocimiento \u00bfQu\u00e9 significa la Luna Negra en astrolog\u00eda?\u201d, y de la invitaci\u00f3n que su lectura representa para encontrar un lugar desde el cual podamos indagar y cuestionar aquellos aspectos de nuestra personalidad lunar, los cuales nos pueden estar obstaculizando el progreso y bienestar en nuestro fluir cotidiano. Del Sol como \u00fanico \u201cplaneta\u201d transitando el signo de Tauro, lo cual nos propone pensar situaciones de aislamiento como una sana presi\u00f3n para volver a ver nuestra capacidad de actuar y concretar desde una posici\u00f3n renovada que incluya lo mejor de nuestras iniciativas; adem\u00e1s de la sabidur\u00eda y fortaleza para llevarlas adelante.<\/p>\n\n\n\n<figure class=\"wp-block-embed is-type-video is-provider-youtube wp-block-embed-youtube wp-embed-aspect-16-9 wp-has-aspect-ratio\"><div class=\"wp-block-embed__wrapper\">\n<iframe loading=\"lazy\" title=\"Convergentes De lunes a Viernes de 14 a 17 hs en Radio Divergentes (23-04-26)\" width=\"500\" height=\"281\" src=\"https:\/\/www.youtube.com\/embed\/IdmsbFFcETw?feature=oembed\" frameborder=\"0\" allow=\"accelerometer; autoplay; clipboard-write; encrypted-media; gyroscope; picture-in-picture; web-share\" referrerpolicy=\"strict-origin-when-cross-origin\" allowfullscreen><\/iframe>\n<\/div><\/figure>\n\n\n\n<p><\/p>\n","protected":false},"excerpt":{"rendered":"<p>Programa de radio \u201cTu astrolog\u00eda\u201d del jueves 30 de abril de 2026 conducido por V\u00edctor Landolfi por \u2060radio Divergentes\u2060 de Capilla del Monte, C\u00f3rdoba, Argentina. Hablamos de lo que significa Lilith, la Luna Negra, en nuestra vida especialmente como veh\u00edculo para poder integrar nuestra Luna a un movimiento evolutivo de nuestra experiencia de vida. Del [&hellip;]<\/p>\n","protected":false},"author":1,"featured_media":0,"parent":0,"menu_order":0,"comment_status":"closed","ping_status":"closed","template":"","meta":{"_uag_custom_page_level_css":"","footnotes":""},"class_list":["post-3940","page","type-page","status-publish","hentry"],"uagb_featured_image_src":{"full":false,"thumbnail":false,"medium":false,"medium_large":false,"large":false,"1536x1536":false,"2048x2048":false,"audioigniter_cover":false},"uagb_author_info":{"display_name":"admin","author_link":"https:\/\/astroastrologia.com.ar\/index.php\/author\/astroast\/"},"uagb_comment_info":0,"uagb_excerpt":"Programa de radio \u201cTu astrolog\u00eda\u201d del jueves 30 de abril de 2026 conducido por V\u00edctor Landolfi por \u2060radio Divergentes\u2060 de Capilla del Monte, C\u00f3rdoba, Argentina. Hablamos de lo que significa Lilith, la Luna Negra, en nuestra vida especialmente como veh\u00edculo para poder integrar nuestra Luna a un movimiento evolutivo de nuestra experiencia de vida. Del&hellip;","_links":{"self":[{"href":"https:\/\/astroastrologia.com.ar\/index.php\/wp-json\/wp\/v2\/pages\/3940","targetHints":{"allow":["GET"]}}],"collection":[{"href":"https:\/\/astroastrologia.com.ar\/index.php\/wp-json\/wp\/v2\/pages"}],"about":[{"href":"https:\/\/astroastrologia.com.ar\/index.php\/wp-json\/wp\/v2\/types\/page"}],"author":[{"embeddable":true,"href":"https:\/\/astroastrologia.com.ar\/index.php\/wp-json\/wp\/v2\/users\/1"}],"replies":[{"embeddable":true,"href":"https:\/\/astroastrologia.com.ar\/index.php\/wp-json\/wp\/v2\/comments?post=3940"}],"version-history":[{"count":1,"href":"https:\/\/astroastrologia.com.ar\/index.php\/wp-json\/wp\/v2\/pages\/3940\/revisions"}],"predecessor-version":[{"id":3941,"href":"https:\/\/astroastrologia.com.ar\/index.php\/wp-json\/wp\/v2\/pages\/3940\/revisions\/3941"}],"wp:attachment":[{"href":"https:\/\/astroastrologia.com.ar\/index.php\/wp-json\/wp\/v2\/media?parent=3940"}],"curies":[{"name":"wp","href":"https:\/\/api.w.org\/{rel}","templated":true}]}}