{"id":3932,"date":"2026-05-01T15:14:19","date_gmt":"2026-05-01T15:14:19","guid":{"rendered":"https:\/\/astroastrologia.com.ar\/?page_id=3932"},"modified":"2026-05-13T11:41:39","modified_gmt":"2026-05-13T11:41:39","slug":"charla-sobre-el-libro-lilith-entre-lo-inconsciente-y-el-autoconocimiento-que-significa-la-luna-negra-en-astrologia","status":"publish","type":"page","link":"https:\/\/astroastrologia.com.ar\/index.php\/charla-sobre-el-libro-lilith-entre-lo-inconsciente-y-el-autoconocimiento-que-significa-la-luna-negra-en-astrologia\/","title":{"rendered":"Charla sobre el libro &#8220;Lilith. Entre lo inconsciente y el autoconocimiento \u00bfQu\u00e9 significa la Luna Negra en astrolog\u00eda?&#8221;"},"content":{"rendered":"\n<figure class=\"wp-block-embed is-type-video is-provider-youtube wp-block-embed-youtube wp-embed-aspect-16-9 wp-has-aspect-ratio\"><div class=\"wp-block-embed__wrapper\">\n<iframe loading=\"lazy\" title=\"Charla sobre el libro &quot;Lilith. Entre lo inconsciente y el autoconocimiento (la Luna Negra)\" width=\"500\" height=\"281\" src=\"https:\/\/www.youtube.com\/embed\/zzE9NmUM7YU?feature=oembed\" frameborder=\"0\" allow=\"accelerometer; autoplay; clipboard-write; encrypted-media; gyroscope; picture-in-picture; web-share\" referrerpolicy=\"strict-origin-when-cross-origin\" allowfullscreen><\/iframe>\n<\/div><\/figure>\n\n\n\n<p>Ya sali\u00f3:<\/p>\n\n\n\n<h3 class=\"wp-block-heading has-text-align-center\"><strong>LILITH. Entre lo inconsciente y el autoconocimiento \u00bfQu\u00e9 significa la Luna Negra en astrolog\u00eda?<\/strong><\/h3>\n\n\n\n<p class=\"has-text-align-center\"><em>V\u00edctor Landolfi. Editorial Dunken<\/em>.<\/p>\n\n\n\n<div style=\"height:21px\" aria-hidden=\"true\" class=\"wp-block-spacer\"><\/div>\n\n\n\n<h4 class=\"wp-block-heading\"><strong>Disponible en librer\u00edas.<\/strong><\/h4>\n\n\n\n<div style=\"height:21px\" aria-hidden=\"true\" class=\"wp-block-spacer\"><\/div>\n\n\n\n<h4 class=\"wp-block-heading\"><strong>Tambi\u00e9n en formato digital (e-book):<\/strong><\/h4>\n\n\n\n<p><a href=\"https:\/\/www.amazon.com\/dp\/B0D18DXRH5\">Amazon Kindle<\/a><\/p>\n\n\n\n<p><a href=\"https:\/\/play.google.com\/store\/books\/details?id=k9DOEQAAQBAJ\">Google Play Libros<\/a><\/p>\n\n\n\n<div style=\"height:21px\" aria-hidden=\"true\" class=\"wp-block-spacer\"><\/div>\n\n\n\n<h4 class=\"wp-block-heading\"><strong>En formato audiolibro<\/strong>:<\/h4>\n\n\n\n<p><a href=\"https:\/\/play.google.com\/store\/audiobooks\/details?id=AQAAAEBaeQk5QM\">Google Play Libros<\/a><\/p>\n\n\n\n<div style=\"height:21px\" aria-hidden=\"true\" class=\"wp-block-spacer\"><\/div>\n\n\n\n<h4 class=\"wp-block-heading\"><strong>RESUMEN DEL LIBRO:<\/strong><\/h4>\n\n\n\n<p>\u00bfQui\u00e9nes somos realmente? \u00bfDe d\u00f3nde vienen esos deseos y ganas de hacer cosas que no tienen nada que ver con lo que somos y con lo que nos conviene? \u00bfEn qu\u00e9 momento nos convencimos que ten\u00edamos que ser alguien que sabemos y sentimos que poco tiene que ver con lo que verdaderamente queremos? \u00bfCu\u00e1ndo aprendimos a dejar de lado nuestros sue\u00f1os solo para cumplir con aspiraciones y exigencias de otros?<\/p>\n\n\n\n<p>En las respuestas a estas preguntas, pero sobretodo movi\u00e9ndose entre ellas como un fantasma est\u00e1 Lilith; nuestra Lilith. Un lado de nuestra identidad olvidado por nosotros mismos.<\/p>\n\n\n\n<p>En las p\u00e1ginas de este libro podr\u00e1s encontrar ese camino que conduce hacia lo que realmente eres. Podr\u00e1s sentir, gracias a conocer m\u00e1s acerca de tu Lilith, que siempre has estado all\u00ed; y que solo por sostener y llevar adelante deseos y condicionamientos ajenos a tu verdadera identidad, perdiste el contacto con esa esencia \u00fanica tuya.<\/p>\n\n\n\n<p>Todos en alg\u00fan momento inevitablemente fuimos convencidos de que ten\u00edamos que ser alguien muy distinto a una identidad nuestra verdadera que pulsa fuerte desde muy adentro; y esto fue solo para adaptarnos a un modo de vida dif\u00edcil de entender, pero que nos result\u00f3 lo m\u00e1s conveniente (la Luna).<\/p>\n\n\n\n<p>Lilith nos viene a recordar que hay otro camino muy distinto que debemos retomar. Y esa diferencia entre ambos caminos, la podremos vivir como una confusi\u00f3n que nos lastima y duele. Por esta raz\u00f3n buscaremos en Quir\u00f3n, el cual constituye nuestras heridas y dificultades existenciales, los puntos de conexi\u00f3n con nuestra Lilith para poder reconstruir desde all\u00ed nuestra verdadera identidad alguna vez perdida.<\/p>\n\n\n\n<p><\/p>\n","protected":false},"excerpt":{"rendered":"<p>Ya sali\u00f3: LILITH. Entre lo inconsciente y el autoconocimiento \u00bfQu\u00e9 significa la Luna Negra en astrolog\u00eda? V\u00edctor Landolfi. Editorial Dunken. Disponible en librer\u00edas. Tambi\u00e9n en formato digital (e-book): Amazon Kindle Google Play Libros En formato audiolibro: Google Play Libros RESUMEN DEL LIBRO: \u00bfQui\u00e9nes somos realmente? \u00bfDe d\u00f3nde vienen esos deseos y ganas de hacer cosas [&hellip;]<\/p>\n","protected":false},"author":1,"featured_media":0,"parent":0,"menu_order":0,"comment_status":"closed","ping_status":"closed","template":"","meta":{"_uag_custom_page_level_css":"","footnotes":""},"class_list":["post-3932","page","type-page","status-publish","hentry"],"uagb_featured_image_src":{"full":false,"thumbnail":false,"medium":false,"medium_large":false,"large":false,"1536x1536":false,"2048x2048":false,"audioigniter_cover":false},"uagb_author_info":{"display_name":"admin","author_link":"https:\/\/astroastrologia.com.ar\/index.php\/author\/astroast\/"},"uagb_comment_info":0,"uagb_excerpt":"Ya sali\u00f3: LILITH. Entre lo inconsciente y el autoconocimiento \u00bfQu\u00e9 significa la Luna Negra en astrolog\u00eda? V\u00edctor Landolfi. Editorial Dunken. Disponible en librer\u00edas. Tambi\u00e9n en formato digital (e-book): Amazon Kindle Google Play Libros En formato audiolibro: Google Play Libros RESUMEN DEL LIBRO: \u00bfQui\u00e9nes somos realmente? \u00bfDe d\u00f3nde vienen esos deseos y ganas de hacer cosas&hellip;","_links":{"self":[{"href":"https:\/\/astroastrologia.com.ar\/index.php\/wp-json\/wp\/v2\/pages\/3932","targetHints":{"allow":["GET"]}}],"collection":[{"href":"https:\/\/astroastrologia.com.ar\/index.php\/wp-json\/wp\/v2\/pages"}],"about":[{"href":"https:\/\/astroastrologia.com.ar\/index.php\/wp-json\/wp\/v2\/types\/page"}],"author":[{"embeddable":true,"href":"https:\/\/astroastrologia.com.ar\/index.php\/wp-json\/wp\/v2\/users\/1"}],"replies":[{"embeddable":true,"href":"https:\/\/astroastrologia.com.ar\/index.php\/wp-json\/wp\/v2\/comments?post=3932"}],"version-history":[{"count":3,"href":"https:\/\/astroastrologia.com.ar\/index.php\/wp-json\/wp\/v2\/pages\/3932\/revisions"}],"predecessor-version":[{"id":3986,"href":"https:\/\/astroastrologia.com.ar\/index.php\/wp-json\/wp\/v2\/pages\/3932\/revisions\/3986"}],"wp:attachment":[{"href":"https:\/\/astroastrologia.com.ar\/index.php\/wp-json\/wp\/v2\/media?parent=3932"}],"curies":[{"name":"wp","href":"https:\/\/api.w.org\/{rel}","templated":true}]}}