{"id":3905,"date":"2026-04-24T14:11:10","date_gmt":"2026-04-24T14:11:10","guid":{"rendered":"https:\/\/astroastrologia.com.ar\/?page_id=3905"},"modified":"2026-04-24T14:11:11","modified_gmt":"2026-04-24T14:11:11","slug":"animarse-a-permanecer-nuestro-verdadero-valor-tauro-pluton-venus-tu-astrologia-23-abril-2026","status":"publish","type":"page","link":"https:\/\/astroastrologia.com.ar\/index.php\/animarse-a-permanecer-nuestro-verdadero-valor-tauro-pluton-venus-tu-astrologia-23-abril-2026\/","title":{"rendered":"Animarse a permanecer, nuestro verdadero valor. Tauro, Plut\u00f3n, Venus. &#8220;Tu astrolog\u00eda&#8221; 23 abril 2026"},"content":{"rendered":"\n<p>Programa de radio \u201cTu astrolog\u00eda\u201d del jueves 23 de abril de 2026 conducido por V\u00edctor Landolfi por <a href=\"https:\/\/radiodivergentes.com.ar\/\">\u2060radio Divergentes\u2060<\/a> de Capilla del Monte, C\u00f3rdoba, Argentina. Hablamos del poder y el desaf\u00edo personal que implica el permanecer visto tanto desde nuestras emociones y sentimientos, como desde nuestras acciones. Del animarse a no hacer como invitaci\u00f3n para cruzar un l\u00edmite que nos tiene metidos en un fluir de nuestra vida y de los acontecimientos marcado por lo repetitivo y el sinsentido. De Tauro entendido como la oportunidad para alcanzar un grado importante de concentraci\u00f3n de energ\u00eda f\u00edsica, mental y espiritual; la cual nos permita ver con honestidad y claridad el origen de buena parte de nuestros pensamientos e iniciativas. De la conjunci\u00f3n entre Urano y Venus en Tauro; y tambi\u00e9n la relaci\u00f3n de \u201cCuadratura\u201d entre el Sol en Tauro y Plut\u00f3n, como caminos que no podemos ignorar hacia un autoexamen a consciencia y permanente de nuestras decisiones y acciones.<\/p>\n\n\n\n<figure class=\"wp-block-embed is-type-video is-provider-youtube wp-block-embed-youtube wp-embed-aspect-16-9 wp-has-aspect-ratio\"><div class=\"wp-block-embed__wrapper\">\n<iframe loading=\"lazy\" title=\"Convergentes De lunes a Viernes de 14 a 17 hs en Radio Divergentes (23-04-26)\" width=\"500\" height=\"281\" src=\"https:\/\/www.youtube.com\/embed\/NGB736lWotA?feature=oembed\" frameborder=\"0\" allow=\"accelerometer; autoplay; clipboard-write; encrypted-media; gyroscope; picture-in-picture; web-share\" referrerpolicy=\"strict-origin-when-cross-origin\" allowfullscreen><\/iframe>\n<\/div><\/figure>\n\n\n\n<p><\/p>\n","protected":false},"excerpt":{"rendered":"<p>Programa de radio \u201cTu astrolog\u00eda\u201d del jueves 23 de abril de 2026 conducido por V\u00edctor Landolfi por \u2060radio Divergentes\u2060 de Capilla del Monte, C\u00f3rdoba, Argentina. Hablamos del poder y el desaf\u00edo personal que implica el permanecer visto tanto desde nuestras emociones y sentimientos, como desde nuestras acciones. Del animarse a no hacer como invitaci\u00f3n para [&hellip;]<\/p>\n","protected":false},"author":1,"featured_media":0,"parent":0,"menu_order":0,"comment_status":"closed","ping_status":"closed","template":"","meta":{"_uag_custom_page_level_css":"","footnotes":""},"class_list":["post-3905","page","type-page","status-publish","hentry"],"uagb_featured_image_src":{"full":false,"thumbnail":false,"medium":false,"medium_large":false,"large":false,"1536x1536":false,"2048x2048":false,"audioigniter_cover":false},"uagb_author_info":{"display_name":"admin","author_link":"https:\/\/astroastrologia.com.ar\/index.php\/author\/astroast\/"},"uagb_comment_info":0,"uagb_excerpt":"Programa de radio \u201cTu astrolog\u00eda\u201d del jueves 23 de abril de 2026 conducido por V\u00edctor Landolfi por \u2060radio Divergentes\u2060 de Capilla del Monte, C\u00f3rdoba, Argentina. Hablamos del poder y el desaf\u00edo personal que implica el permanecer visto tanto desde nuestras emociones y sentimientos, como desde nuestras acciones. Del animarse a no hacer como invitaci\u00f3n para&hellip;","_links":{"self":[{"href":"https:\/\/astroastrologia.com.ar\/index.php\/wp-json\/wp\/v2\/pages\/3905","targetHints":{"allow":["GET"]}}],"collection":[{"href":"https:\/\/astroastrologia.com.ar\/index.php\/wp-json\/wp\/v2\/pages"}],"about":[{"href":"https:\/\/astroastrologia.com.ar\/index.php\/wp-json\/wp\/v2\/types\/page"}],"author":[{"embeddable":true,"href":"https:\/\/astroastrologia.com.ar\/index.php\/wp-json\/wp\/v2\/users\/1"}],"replies":[{"embeddable":true,"href":"https:\/\/astroastrologia.com.ar\/index.php\/wp-json\/wp\/v2\/comments?post=3905"}],"version-history":[{"count":1,"href":"https:\/\/astroastrologia.com.ar\/index.php\/wp-json\/wp\/v2\/pages\/3905\/revisions"}],"predecessor-version":[{"id":3906,"href":"https:\/\/astroastrologia.com.ar\/index.php\/wp-json\/wp\/v2\/pages\/3905\/revisions\/3906"}],"wp:attachment":[{"href":"https:\/\/astroastrologia.com.ar\/index.php\/wp-json\/wp\/v2\/media?parent=3905"}],"curies":[{"name":"wp","href":"https:\/\/api.w.org\/{rel}","templated":true}]}}