{"id":3868,"date":"2026-04-20T15:06:16","date_gmt":"2026-04-20T15:06:16","guid":{"rendered":"https:\/\/astroastrologia.com.ar\/?page_id=3868"},"modified":"2026-04-22T23:44:21","modified_gmt":"2026-04-22T23:44:21","slug":"lilith-entre-lo-inconsciente-y-el-autoconocimiento-que-significa-la-luna-negra-en-astrologia","status":"publish","type":"page","link":"https:\/\/astroastrologia.com.ar\/index.php\/lilith-entre-lo-inconsciente-y-el-autoconocimiento-que-significa-la-luna-negra-en-astrologia\/","title":{"rendered":"Ya sali\u00f3: &#8220;LILITH. Entre lo inconsciente y el autoconocimiento \u00bfQu\u00e9 significa la Luna Negra en astrolog\u00eda?&#8221;"},"content":{"rendered":"\n<p><strong>Ya sali\u00f3:<\/strong><\/p>\n\n\n\n<h3 class=\"wp-block-heading has-text-align-center\"><strong>LILITH. Entre lo inconsciente y el autoconocimiento \u00bfQu\u00e9 significa la Luna Negra en astrolog\u00eda?<\/strong><\/h3>\n\n\n\n<p class=\"has-text-align-center\"><strong><em>V\u00edctor Landolfi. Editorial Dunken<\/em>.<\/strong><\/p>\n\n\n\n<div style=\"height:21px\" aria-hidden=\"true\" class=\"wp-block-spacer\"><\/div>\n\n\n\n<h4 class=\"wp-block-heading\"><strong>Disponible en librer\u00edas.<\/strong><\/h4>\n\n\n\n<div style=\"height:21px\" aria-hidden=\"true\" class=\"wp-block-spacer\"><\/div>\n\n\n\n<h4 class=\"wp-block-heading\"><strong>Hasta el 11 de mayo disponible tambi\u00e9n en la Feria Internacional del Libro de Buenos Aires de 2026<\/strong><\/h4>\n\n\n\n<div style=\"height:21px\" aria-hidden=\"true\" class=\"wp-block-spacer\"><\/div>\n\n\n\n<h4 class=\"wp-block-heading\"><strong><strong>Tambi\u00e9n en formato digital (e-book):<\/strong><\/strong><\/h4>\n\n\n\n<p><a href=\"https:\/\/www.amazon.com\/dp\/B0D18DXRH5\">Amazon Kindle<\/a><\/p>\n\n\n\n<p class=\"has-text-align-left\"><a href=\"https:\/\/play.google.com\/store\/books\/details?id=k9DOEQAAQBAJ\">Google Play Libros<\/a><\/p>\n\n\n\n<div style=\"height:21px\" aria-hidden=\"true\" class=\"wp-block-spacer\"><\/div>\n\n\n\n<h4 class=\"wp-block-heading\"><strong><strong><strong>En formato audiolibro<\/strong><\/strong><\/strong>:<\/h4>\n\n\n\n<p><a href=\"https:\/\/play.google.com\/store\/audiobooks\/details?id=AQAAAEBaeQk5QM\">Google Play Libros<\/a><\/p>\n\n\n\n<div style=\"height:21px\" aria-hidden=\"true\" class=\"wp-block-spacer\"><\/div>\n\n\n\n<h4 class=\"wp-block-heading\"><strong>RESUMEN DEL LIBRO:<\/strong><\/h4>\n\n\n\n<p>\u00bfQui\u00e9nes somos realmente? \u00bfDe d\u00f3nde vienen esos deseos y ganas de hacer cosas que no tienen nada que ver con lo que somos y con lo que nos conviene? \u00bfEn qu\u00e9 momento nos convencimos que ten\u00edamos que ser alguien que sabemos y sentimos que poco tiene que ver con lo que verdaderamente queremos? \u00bfCu\u00e1ndo aprendimos a dejar de lado nuestros sue\u00f1os solo para cumplir con aspiraciones y exigencias de otros?<\/p>\n\n\n\n<p>En las respuestas a estas preguntas, pero sobretodo movi\u00e9ndose entre ellas como un fantasma est\u00e1 Lilith; nuestra Lilith. Un lado de nuestra identidad olvidado por nosotros mismos.<\/p>\n\n\n\n<p>En las p\u00e1ginas de este libro podr\u00e1s encontrar ese camino que conduce hacia lo que realmente eres. Podr\u00e1s sentir, gracias a conocer m\u00e1s acerca de tu Lilith, que siempre has estado all\u00ed; y que solo por sostener y llevar adelante deseos y condicionamientos ajenos a tu verdadera identidad, perdiste el contacto con esa esencia \u00fanica tuya.<\/p>\n\n\n\n<p>Todos en alg\u00fan momento inevitablemente fuimos convencidos de que ten\u00edamos que ser alguien muy distinto a una identidad nuestra verdadera que pulsa fuerte desde muy adentro; y esto fue solo para adaptarnos a un modo de vida dif\u00edcil de entender, pero que nos result\u00f3 lo m\u00e1s conveniente (la Luna).<\/p>\n\n\n\n<p>Lilith nos viene a recordar que hay otro camino muy distinto que debemos retomar. Y esa diferencia entre ambos caminos, la podremos vivir como una confusi\u00f3n que nos lastima y duele. Por esta raz\u00f3n buscaremos en Quir\u00f3n, el cual constituye nuestras heridas y dificultades existenciales, los puntos de conexi\u00f3n con nuestra Lilith para poder reconstruir desde all\u00ed nuestra verdadera identidad alguna vez perdida.<\/p>\n\n\n\n<figure class=\"wp-block-image size-large\"><img loading=\"lazy\" decoding=\"async\" width=\"672\" height=\"1024\" src=\"https:\/\/astroastrologia.com.ar\/wp-content\/uploads\/2026\/04\/a2-672x1024.jpg\" alt=\"\" class=\"wp-image-3894\" srcset=\"https:\/\/astroastrologia.com.ar\/wp-content\/uploads\/2026\/04\/a2-672x1024.jpg 672w, https:\/\/astroastrologia.com.ar\/wp-content\/uploads\/2026\/04\/a2-197x300.jpg 197w, https:\/\/astroastrologia.com.ar\/wp-content\/uploads\/2026\/04\/a2-768x1171.jpg 768w, https:\/\/astroastrologia.com.ar\/wp-content\/uploads\/2026\/04\/a2.jpg 997w\" sizes=\"auto, (max-width: 672px) 100vw, 672px\" \/><\/figure>\n\n\n\n<figure class=\"wp-block-image size-large\"><img loading=\"lazy\" decoding=\"async\" width=\"1024\" height=\"723\" src=\"https:\/\/astroastrologia.com.ar\/wp-content\/uploads\/2026\/04\/a1-1024x723.jpg\" alt=\"\" class=\"wp-image-3895\" srcset=\"https:\/\/astroastrologia.com.ar\/wp-content\/uploads\/2026\/04\/a1-1024x723.jpg 1024w, https:\/\/astroastrologia.com.ar\/wp-content\/uploads\/2026\/04\/a1-300x212.jpg 300w, https:\/\/astroastrologia.com.ar\/wp-content\/uploads\/2026\/04\/a1-768x542.jpg 768w, https:\/\/astroastrologia.com.ar\/wp-content\/uploads\/2026\/04\/a1-1536x1085.jpg 1536w, https:\/\/astroastrologia.com.ar\/wp-content\/uploads\/2026\/04\/a1-2048x1446.jpg 2048w\" sizes=\"auto, (max-width: 1024px) 100vw, 1024px\" \/><\/figure>\n\n\n\n<figure class=\"wp-block-image size-large\"><img loading=\"lazy\" decoding=\"async\" width=\"612\" height=\"1024\" src=\"https:\/\/astroastrologia.com.ar\/wp-content\/uploads\/2026\/04\/a3-612x1024.jpg\" alt=\"\" class=\"wp-image-3896\" srcset=\"https:\/\/astroastrologia.com.ar\/wp-content\/uploads\/2026\/04\/a3-612x1024.jpg 612w, https:\/\/astroastrologia.com.ar\/wp-content\/uploads\/2026\/04\/a3-179x300.jpg 179w, https:\/\/astroastrologia.com.ar\/wp-content\/uploads\/2026\/04\/a3-768x1285.jpg 768w, https:\/\/astroastrologia.com.ar\/wp-content\/uploads\/2026\/04\/a3-918x1536.jpg 918w, https:\/\/astroastrologia.com.ar\/wp-content\/uploads\/2026\/04\/a3.jpg 939w\" sizes=\"auto, (max-width: 612px) 100vw, 612px\" \/><\/figure>\n","protected":false},"excerpt":{"rendered":"<p>Ya sali\u00f3: LILITH. Entre lo inconsciente y el autoconocimiento \u00bfQu\u00e9 significa la Luna Negra en astrolog\u00eda? V\u00edctor Landolfi. Editorial Dunken. Disponible en librer\u00edas. Hasta el 11 de mayo disponible tambi\u00e9n en la Feria Internacional del Libro de Buenos Aires de 2026 Tambi\u00e9n en formato digital (e-book): Amazon Kindle Google Play Libros En formato audiolibro: Google [&hellip;]<\/p>\n","protected":false},"author":1,"featured_media":3869,"parent":0,"menu_order":0,"comment_status":"closed","ping_status":"closed","template":"","meta":{"_uag_custom_page_level_css":"","footnotes":""},"class_list":["post-3868","page","type-page","status-publish","has-post-thumbnail","hentry"],"uagb_featured_image_src":{"full":["https:\/\/astroastrologia.com.ar\/wp-content\/uploads\/2026\/04\/para-pagina.png",1080,1350,false],"thumbnail":["https:\/\/astroastrologia.com.ar\/wp-content\/uploads\/2026\/04\/para-pagina-150x150.png",150,150,true],"medium":["https:\/\/astroastrologia.com.ar\/wp-content\/uploads\/2026\/04\/para-pagina-240x300.png",240,300,true],"medium_large":["https:\/\/astroastrologia.com.ar\/wp-content\/uploads\/2026\/04\/para-pagina-768x960.png",768,960,true],"large":["https:\/\/astroastrologia.com.ar\/wp-content\/uploads\/2026\/04\/para-pagina-819x1024.png",819,1024,true],"1536x1536":["https:\/\/astroastrologia.com.ar\/wp-content\/uploads\/2026\/04\/para-pagina.png",1080,1350,false],"2048x2048":["https:\/\/astroastrologia.com.ar\/wp-content\/uploads\/2026\/04\/para-pagina.png",1080,1350,false],"audioigniter_cover":["https:\/\/astroastrologia.com.ar\/wp-content\/uploads\/2026\/04\/para-pagina-560x560.png",560,560,true]},"uagb_author_info":{"display_name":"admin","author_link":"https:\/\/astroastrologia.com.ar\/index.php\/author\/astroast\/"},"uagb_comment_info":0,"uagb_excerpt":"Ya sali\u00f3: LILITH. Entre lo inconsciente y el autoconocimiento \u00bfQu\u00e9 significa la Luna Negra en astrolog\u00eda? V\u00edctor Landolfi. Editorial Dunken. Disponible en librer\u00edas. Hasta el 11 de mayo disponible tambi\u00e9n en la Feria Internacional del Libro de Buenos Aires de 2026 Tambi\u00e9n en formato digital (e-book): Amazon Kindle Google Play Libros En formato audiolibro: Google&hellip;","_links":{"self":[{"href":"https:\/\/astroastrologia.com.ar\/index.php\/wp-json\/wp\/v2\/pages\/3868","targetHints":{"allow":["GET"]}}],"collection":[{"href":"https:\/\/astroastrologia.com.ar\/index.php\/wp-json\/wp\/v2\/pages"}],"about":[{"href":"https:\/\/astroastrologia.com.ar\/index.php\/wp-json\/wp\/v2\/types\/page"}],"author":[{"embeddable":true,"href":"https:\/\/astroastrologia.com.ar\/index.php\/wp-json\/wp\/v2\/users\/1"}],"replies":[{"embeddable":true,"href":"https:\/\/astroastrologia.com.ar\/index.php\/wp-json\/wp\/v2\/comments?post=3868"}],"version-history":[{"count":15,"href":"https:\/\/astroastrologia.com.ar\/index.php\/wp-json\/wp\/v2\/pages\/3868\/revisions"}],"predecessor-version":[{"id":3897,"href":"https:\/\/astroastrologia.com.ar\/index.php\/wp-json\/wp\/v2\/pages\/3868\/revisions\/3897"}],"wp:featuredmedia":[{"embeddable":true,"href":"https:\/\/astroastrologia.com.ar\/index.php\/wp-json\/wp\/v2\/media\/3869"}],"wp:attachment":[{"href":"https:\/\/astroastrologia.com.ar\/index.php\/wp-json\/wp\/v2\/media?parent=3868"}],"curies":[{"name":"wp","href":"https:\/\/api.w.org\/{rel}","templated":true}]}}