{"id":3847,"date":"2026-04-10T20:33:57","date_gmt":"2026-04-10T20:33:57","guid":{"rendered":"https:\/\/astroastrologia.com.ar\/?page_id=3847"},"modified":"2026-04-10T20:33:58","modified_gmt":"2026-04-10T20:33:58","slug":"perseverar-sobre-el-miedo-y-la-debilidad-marte-aries-quiron-neptuno-tu-astrologia-9-abril-2026","status":"publish","type":"page","link":"https:\/\/astroastrologia.com.ar\/index.php\/perseverar-sobre-el-miedo-y-la-debilidad-marte-aries-quiron-neptuno-tu-astrologia-9-abril-2026\/","title":{"rendered":"Perseverar sobre el miedo y la debilidad. Marte-Aries, Quir\u00f3n-Neptuno. &#8220;Tu astrolog\u00eda&#8221; 9 abril 2026"},"content":{"rendered":"\n<p>Programa de radio \u201cTu astrolog\u00eda\u201d del jueves 9 de abril de 2026 conducido por V\u00edctor Landolfi por <a href=\"https:\/\/radiodivergentes.com.ar\/\">\u2060radio Divergentes\u2060<\/a> de Capilla del Monte, C\u00f3rdoba, Argentina. Hablamos de Plut\u00f3n en su tr\u00e1nsito pasado por Capricornio y el actual por Acuario, el cual nos deja la ense\u00f1anza que las estructuras sociales quedaron pero en una posici\u00f3n de fragilidad, lo cual nos obliga a llenarlas de nuevos sentidos para fortalecerlas. Del tr\u00e1nsito de Plut\u00f3n por Acuario y tambi\u00e9n de Urano por G\u00e9minis, mostr\u00e1ndonos la especial relevancia de la recreaci\u00f3n de la idea de \u201ccomunidad\u201d, y del importante cambio tecnol\u00f3gico en el \u00e1rea de la comunicaci\u00f3n. De concentrarnos en nuestras actividades cotidianas y pensarlas desde lo relevante que son para nosotros y para otros que nos observan, y de tomar consciencia que lo que las sostiene y tambi\u00e9n nos sostiene a nosotros es la perseverancia. De Marte entrando en Aries en conjunci\u00f3n con Neptuno, y del Sol transitando ese signo acerc\u00e1ndose a Quir\u00f3n como grandes oportunidades para echar luz sobre las verdaderas motivaciones de nuestras acciones, y sobre cu\u00e1nto hay de miedo y de querer evitar caminos que no nos animamos a recorrer.<\/p>\n\n\n\n<figure class=\"wp-block-embed is-type-video is-provider-youtube wp-block-embed-youtube wp-embed-aspect-16-9 wp-has-aspect-ratio\"><div class=\"wp-block-embed__wrapper\">\n<iframe loading=\"lazy\" title=\"Convergentes de Lunes a Viernes de 14 a 17 hs en Radio Divergentes (09-04-26)\" width=\"500\" height=\"281\" src=\"https:\/\/www.youtube.com\/embed\/Ut-G2K4PDfQ?feature=oembed\" frameborder=\"0\" allow=\"accelerometer; autoplay; clipboard-write; encrypted-media; gyroscope; picture-in-picture; web-share\" referrerpolicy=\"strict-origin-when-cross-origin\" allowfullscreen><\/iframe>\n<\/div><\/figure>\n\n\n\n<p><\/p>\n","protected":false},"excerpt":{"rendered":"<p>Programa de radio \u201cTu astrolog\u00eda\u201d del jueves 9 de abril de 2026 conducido por V\u00edctor Landolfi por \u2060radio Divergentes\u2060 de Capilla del Monte, C\u00f3rdoba, Argentina. Hablamos de Plut\u00f3n en su tr\u00e1nsito pasado por Capricornio y el actual por Acuario, el cual nos deja la ense\u00f1anza que las estructuras sociales quedaron pero en una posici\u00f3n de [&hellip;]<\/p>\n","protected":false},"author":1,"featured_media":0,"parent":0,"menu_order":0,"comment_status":"closed","ping_status":"closed","template":"","meta":{"_uag_custom_page_level_css":"","footnotes":""},"class_list":["post-3847","page","type-page","status-publish","hentry"],"uagb_featured_image_src":{"full":false,"thumbnail":false,"medium":false,"medium_large":false,"large":false,"1536x1536":false,"2048x2048":false,"audioigniter_cover":false},"uagb_author_info":{"display_name":"admin","author_link":"https:\/\/astroastrologia.com.ar\/index.php\/author\/astroast\/"},"uagb_comment_info":0,"uagb_excerpt":"Programa de radio \u201cTu astrolog\u00eda\u201d del jueves 9 de abril de 2026 conducido por V\u00edctor Landolfi por \u2060radio Divergentes\u2060 de Capilla del Monte, C\u00f3rdoba, Argentina. Hablamos de Plut\u00f3n en su tr\u00e1nsito pasado por Capricornio y el actual por Acuario, el cual nos deja la ense\u00f1anza que las estructuras sociales quedaron pero en una posici\u00f3n de&hellip;","_links":{"self":[{"href":"https:\/\/astroastrologia.com.ar\/index.php\/wp-json\/wp\/v2\/pages\/3847","targetHints":{"allow":["GET"]}}],"collection":[{"href":"https:\/\/astroastrologia.com.ar\/index.php\/wp-json\/wp\/v2\/pages"}],"about":[{"href":"https:\/\/astroastrologia.com.ar\/index.php\/wp-json\/wp\/v2\/types\/page"}],"author":[{"embeddable":true,"href":"https:\/\/astroastrologia.com.ar\/index.php\/wp-json\/wp\/v2\/users\/1"}],"replies":[{"embeddable":true,"href":"https:\/\/astroastrologia.com.ar\/index.php\/wp-json\/wp\/v2\/comments?post=3847"}],"version-history":[{"count":1,"href":"https:\/\/astroastrologia.com.ar\/index.php\/wp-json\/wp\/v2\/pages\/3847\/revisions"}],"predecessor-version":[{"id":3848,"href":"https:\/\/astroastrologia.com.ar\/index.php\/wp-json\/wp\/v2\/pages\/3847\/revisions\/3848"}],"wp:attachment":[{"href":"https:\/\/astroastrologia.com.ar\/index.php\/wp-json\/wp\/v2\/media?parent=3847"}],"curies":[{"name":"wp","href":"https:\/\/api.w.org\/{rel}","templated":true}]}}