{"id":3756,"date":"2026-03-06T15:02:57","date_gmt":"2026-03-06T15:02:57","guid":{"rendered":"https:\/\/astroastrologia.com.ar\/?page_id=3756"},"modified":"2026-03-06T15:02:58","modified_gmt":"2026-03-06T15:02:58","slug":"ser-desde-la-fragilidad-formar-nuestra-voluntad-acuario-marte-piscis-tu-astrologia-5-marzo-2026","status":"publish","type":"page","link":"https:\/\/astroastrologia.com.ar\/index.php\/ser-desde-la-fragilidad-formar-nuestra-voluntad-acuario-marte-piscis-tu-astrologia-5-marzo-2026\/","title":{"rendered":"Ser desde la fragilidad. Formar nuestra voluntad. Acuario-Marte-Piscis. &#8220;Tu astrolog\u00eda&#8221; 5 marzo 2026"},"content":{"rendered":"\n<p>Programa de radio \u201cTu astrolog\u00eda\u201d del 5 de marzo de 2026 conducido por V\u00edctor Landolfi por <a href=\"https:\/\/radiodivergentes.com.ar\/\">\u2060radio Divergentes\u2060<\/a> de Capilla del Monte, C\u00f3rdoba, Argentina. Hablamos de la fuerza y el poder de concentraci\u00f3n y transformaci\u00f3n que representa Plut\u00f3n, frente a la extrema fragilidad que nos viene a mostrar Acuario en momentos en los que Plut\u00f3n lo atraviesa. De saber que siempre hay que construir desde el desapego frente a la fuerza desestabilizadora y transformadora de Plut\u00f3n, como ense\u00f1anza fundamental del tr\u00e1nsito de ese planeta por Acuario. De Marte en Piscis como oportunidad \u00fanica para reencontrar y resignificar nuestra voluntad, frente a un horizonte imaginario de libertad y carencia absoluta de l\u00edmites y reglas. Del Sol en Piscis como camino para vernos a nosotros como \u201cYo\u201d ante la nada, en el cual dejamos todo tipo de condicionamientos para saber que podemos reconectar con un \u201cser nosotros mismos\u201d aut\u00e9nticamente puro, y que nos podamos as\u00ed dar permiso de amar nuestras \u201czonas\u201d olvidadas.<\/p>\n\n\n\n<figure class=\"wp-block-embed is-type-video is-provider-youtube wp-block-embed-youtube wp-embed-aspect-16-9 wp-has-aspect-ratio\"><div class=\"wp-block-embed__wrapper\">\n<iframe loading=\"lazy\" title=\"Convergentes de Lunes a Viernes de 14 a 17 hs en Radio Divergentes (05-03-26)\" width=\"500\" height=\"281\" src=\"https:\/\/www.youtube.com\/embed\/oYpDLzjSSeY?feature=oembed\" frameborder=\"0\" allow=\"accelerometer; autoplay; clipboard-write; encrypted-media; gyroscope; picture-in-picture; web-share\" referrerpolicy=\"strict-origin-when-cross-origin\" allowfullscreen><\/iframe>\n<\/div><\/figure>\n\n\n\n<p><\/p>\n","protected":false},"excerpt":{"rendered":"<p>Programa de radio \u201cTu astrolog\u00eda\u201d del 5 de marzo de 2026 conducido por V\u00edctor Landolfi por \u2060radio Divergentes\u2060 de Capilla del Monte, C\u00f3rdoba, Argentina. Hablamos de la fuerza y el poder de concentraci\u00f3n y transformaci\u00f3n que representa Plut\u00f3n, frente a la extrema fragilidad que nos viene a mostrar Acuario en momentos en los que Plut\u00f3n [&hellip;]<\/p>\n","protected":false},"author":1,"featured_media":0,"parent":0,"menu_order":0,"comment_status":"closed","ping_status":"closed","template":"","meta":{"_uag_custom_page_level_css":"","footnotes":""},"class_list":["post-3756","page","type-page","status-publish","hentry"],"uagb_featured_image_src":{"full":false,"thumbnail":false,"medium":false,"medium_large":false,"large":false,"1536x1536":false,"2048x2048":false,"audioigniter_cover":false},"uagb_author_info":{"display_name":"admin","author_link":"https:\/\/astroastrologia.com.ar\/index.php\/author\/astroast\/"},"uagb_comment_info":0,"uagb_excerpt":"Programa de radio \u201cTu astrolog\u00eda\u201d del 5 de marzo de 2026 conducido por V\u00edctor Landolfi por \u2060radio Divergentes\u2060 de Capilla del Monte, C\u00f3rdoba, Argentina. Hablamos de la fuerza y el poder de concentraci\u00f3n y transformaci\u00f3n que representa Plut\u00f3n, frente a la extrema fragilidad que nos viene a mostrar Acuario en momentos en los que Plut\u00f3n&hellip;","_links":{"self":[{"href":"https:\/\/astroastrologia.com.ar\/index.php\/wp-json\/wp\/v2\/pages\/3756","targetHints":{"allow":["GET"]}}],"collection":[{"href":"https:\/\/astroastrologia.com.ar\/index.php\/wp-json\/wp\/v2\/pages"}],"about":[{"href":"https:\/\/astroastrologia.com.ar\/index.php\/wp-json\/wp\/v2\/types\/page"}],"author":[{"embeddable":true,"href":"https:\/\/astroastrologia.com.ar\/index.php\/wp-json\/wp\/v2\/users\/1"}],"replies":[{"embeddable":true,"href":"https:\/\/astroastrologia.com.ar\/index.php\/wp-json\/wp\/v2\/comments?post=3756"}],"version-history":[{"count":1,"href":"https:\/\/astroastrologia.com.ar\/index.php\/wp-json\/wp\/v2\/pages\/3756\/revisions"}],"predecessor-version":[{"id":3757,"href":"https:\/\/astroastrologia.com.ar\/index.php\/wp-json\/wp\/v2\/pages\/3756\/revisions\/3757"}],"wp:attachment":[{"href":"https:\/\/astroastrologia.com.ar\/index.php\/wp-json\/wp\/v2\/media?parent=3756"}],"curies":[{"name":"wp","href":"https:\/\/api.w.org\/{rel}","templated":true}]}}