{"id":3737,"date":"2026-02-27T14:38:24","date_gmt":"2026-02-27T14:38:24","guid":{"rendered":"https:\/\/astroastrologia.com.ar\/?page_id=3737"},"modified":"2026-02-27T14:38:24","modified_gmt":"2026-02-27T14:38:24","slug":"amar-nuestras-limitaciones-nuestro-verdadero-poder-luna-y-pluton-tu-astrologia-26-febrero-2026","status":"publish","type":"page","link":"https:\/\/astroastrologia.com.ar\/index.php\/amar-nuestras-limitaciones-nuestro-verdadero-poder-luna-y-pluton-tu-astrologia-26-febrero-2026\/","title":{"rendered":"Amar nuestras limitaciones, nuestro verdadero poder. Luna y Plut\u00f3n. &#8220;Tu astrolog\u00eda&#8221; 26 febrero 2026."},"content":{"rendered":"\n<p>Programa de radio \u201cTu astrolog\u00eda\u201d del 26 de febrero de 2026 conducido por V\u00edctor Landolfi por <a href=\"https:\/\/radiodivergentes.com.ar\/\">\u2060\u2060radio Divergentes\u2060\u2060<\/a> de Capilla del Monte, C\u00f3rdoba, Argentina. Hablamos de caminar en direcci\u00f3n a percibir el lugar desde donde vienen nuestros apegos y rechazos, y tambi\u00e9n nuestras reacciones m\u00e1s comunes, para as\u00ed poder empezar a entenderlos e integrarlos en un camino propio de evoluci\u00f3n. De c\u00f3mo act\u00faa nuestra Luna ante situaciones de la vida que nos proponen reformular creencias y principios que sostuvimos por mucho tiempo, y que ya no nos permiten evolucionar. De entender el tr\u00e1nsito de Plut\u00f3n por Acuario como una oportunidad para llevar nuestro discernimiento \u201cal poder\u201d, lo cual es de vital importancia para nuestra vida diaria y adem\u00e1s para entender y sacar lo mejor del desarrollo tecnol\u00f3gico-comunicacional. De Plut\u00f3n y Escorpio como direcciones a seguir las cuales son grandes maestros y gu\u00edas para poder transitar, y especialmente trascender, momentos personales desafiantes que nos llevan a la sabidur\u00eda y al liderazgo.<\/p>\n\n\n\n<figure class=\"wp-block-embed is-type-video is-provider-youtube wp-block-embed-youtube wp-embed-aspect-16-9 wp-has-aspect-ratio\"><div class=\"wp-block-embed__wrapper\">\n<iframe loading=\"lazy\" title=\"Convergentes de Lunes a Viernes de 14 a 17 hs en Radio Divergentes (26-02-26)\" width=\"500\" height=\"281\" src=\"https:\/\/www.youtube.com\/embed\/LvcsZ-7v4DA?feature=oembed\" frameborder=\"0\" allow=\"accelerometer; autoplay; clipboard-write; encrypted-media; gyroscope; picture-in-picture; web-share\" referrerpolicy=\"strict-origin-when-cross-origin\" allowfullscreen><\/iframe>\n<\/div><\/figure>\n\n\n\n<p><\/p>\n","protected":false},"excerpt":{"rendered":"<p>Programa de radio \u201cTu astrolog\u00eda\u201d del 26 de febrero de 2026 conducido por V\u00edctor Landolfi por \u2060\u2060radio Divergentes\u2060\u2060 de Capilla del Monte, C\u00f3rdoba, Argentina. Hablamos de caminar en direcci\u00f3n a percibir el lugar desde donde vienen nuestros apegos y rechazos, y tambi\u00e9n nuestras reacciones m\u00e1s comunes, para as\u00ed poder empezar a entenderlos e integrarlos en [&hellip;]<\/p>\n","protected":false},"author":1,"featured_media":0,"parent":0,"menu_order":0,"comment_status":"closed","ping_status":"closed","template":"","meta":{"_uag_custom_page_level_css":"","footnotes":""},"class_list":["post-3737","page","type-page","status-publish","hentry"],"uagb_featured_image_src":{"full":false,"thumbnail":false,"medium":false,"medium_large":false,"large":false,"1536x1536":false,"2048x2048":false,"audioigniter_cover":false},"uagb_author_info":{"display_name":"admin","author_link":"https:\/\/astroastrologia.com.ar\/index.php\/author\/astroast\/"},"uagb_comment_info":0,"uagb_excerpt":"Programa de radio \u201cTu astrolog\u00eda\u201d del 26 de febrero de 2026 conducido por V\u00edctor Landolfi por \u2060\u2060radio Divergentes\u2060\u2060 de Capilla del Monte, C\u00f3rdoba, Argentina. Hablamos de caminar en direcci\u00f3n a percibir el lugar desde donde vienen nuestros apegos y rechazos, y tambi\u00e9n nuestras reacciones m\u00e1s comunes, para as\u00ed poder empezar a entenderlos e integrarlos en&hellip;","_links":{"self":[{"href":"https:\/\/astroastrologia.com.ar\/index.php\/wp-json\/wp\/v2\/pages\/3737","targetHints":{"allow":["GET"]}}],"collection":[{"href":"https:\/\/astroastrologia.com.ar\/index.php\/wp-json\/wp\/v2\/pages"}],"about":[{"href":"https:\/\/astroastrologia.com.ar\/index.php\/wp-json\/wp\/v2\/types\/page"}],"author":[{"embeddable":true,"href":"https:\/\/astroastrologia.com.ar\/index.php\/wp-json\/wp\/v2\/users\/1"}],"replies":[{"embeddable":true,"href":"https:\/\/astroastrologia.com.ar\/index.php\/wp-json\/wp\/v2\/comments?post=3737"}],"version-history":[{"count":1,"href":"https:\/\/astroastrologia.com.ar\/index.php\/wp-json\/wp\/v2\/pages\/3737\/revisions"}],"predecessor-version":[{"id":3738,"href":"https:\/\/astroastrologia.com.ar\/index.php\/wp-json\/wp\/v2\/pages\/3737\/revisions\/3738"}],"wp:attachment":[{"href":"https:\/\/astroastrologia.com.ar\/index.php\/wp-json\/wp\/v2\/media?parent=3737"}],"curies":[{"name":"wp","href":"https:\/\/api.w.org\/{rel}","templated":true}]}}