{"id":3699,"date":"2026-02-13T15:13:48","date_gmt":"2026-02-13T15:13:48","guid":{"rendered":"https:\/\/astroastrologia.com.ar\/?page_id=3699"},"modified":"2026-02-13T15:13:49","modified_gmt":"2026-02-13T15:13:49","slug":"imaginar-lo-posible-superar-las-contradicciones-saturno-neptuno-tu-astrologia-12-febrero-2026","status":"publish","type":"page","link":"https:\/\/astroastrologia.com.ar\/index.php\/imaginar-lo-posible-superar-las-contradicciones-saturno-neptuno-tu-astrologia-12-febrero-2026\/","title":{"rendered":"Imaginar lo posible, superar las contradicciones. Saturno-Neptuno. &#8220;Tu astrolog\u00eda&#8221; 12 febrero 2026"},"content":{"rendered":"\n<p>Programa de radio \u201cTu astrolog\u00eda\u201d del 12 de febrero de 2026 conducido por V\u00edctor Landolfi por <a href=\"https:\/\/radiodivergentes.com.ar\/\">\u2060\u2060radio Divergentes\u2060\u2060<\/a> de Capilla del Monte, C\u00f3rdoba, Argentina. Hablamos de qu\u00e9 significan los eclipses y de c\u00f3mo entenderlos para que sean un beneficio para nuestro bienestar y evoluci\u00f3n; de ver las contradicciones y sucesos inesperados con los que vivimos y nos suceden, como oportunidades para poder tomar la conducci\u00f3n de nuestra vida y poder as\u00ed desarrollar la capacidad de anticiparnos gracias a un trabajo de conocimiento de nosotros mismos; y de la conjunci\u00f3n entre Saturno y Neptuno conectando con la fuerza del signo de Aries invit\u00e1ndonos a imaginar lo posible, y d\u00e1ndole un nuevo sentido y presencia de \u201caqu\u00ed y ahora\u201d a nuestros esfuerzos y ambiciones.<\/p>\n\n\n\n<figure class=\"wp-block-embed is-type-video is-provider-youtube wp-block-embed-youtube wp-embed-aspect-16-9 wp-has-aspect-ratio\"><div class=\"wp-block-embed__wrapper\">\n<iframe loading=\"lazy\" title=\"Convergentes de Lunes a Viernes de 14 a 17 hs en Radio Divergentes (12-02-26)\" width=\"500\" height=\"281\" src=\"https:\/\/www.youtube.com\/embed\/2BZ8PKmMAQU?feature=oembed\" frameborder=\"0\" allow=\"accelerometer; autoplay; clipboard-write; encrypted-media; gyroscope; picture-in-picture; web-share\" referrerpolicy=\"strict-origin-when-cross-origin\" allowfullscreen><\/iframe>\n<\/div><\/figure>\n\n\n\n<p><\/p>\n","protected":false},"excerpt":{"rendered":"<p>Programa de radio \u201cTu astrolog\u00eda\u201d del 12 de febrero de 2026 conducido por V\u00edctor Landolfi por \u2060\u2060radio Divergentes\u2060\u2060 de Capilla del Monte, C\u00f3rdoba, Argentina. Hablamos de qu\u00e9 significan los eclipses y de c\u00f3mo entenderlos para que sean un beneficio para nuestro bienestar y evoluci\u00f3n; de ver las contradicciones y sucesos inesperados con los que vivimos [&hellip;]<\/p>\n","protected":false},"author":1,"featured_media":0,"parent":0,"menu_order":0,"comment_status":"closed","ping_status":"closed","template":"","meta":{"_uag_custom_page_level_css":"","footnotes":""},"class_list":["post-3699","page","type-page","status-publish","hentry"],"uagb_featured_image_src":{"full":false,"thumbnail":false,"medium":false,"medium_large":false,"large":false,"1536x1536":false,"2048x2048":false,"audioigniter_cover":false},"uagb_author_info":{"display_name":"admin","author_link":"https:\/\/astroastrologia.com.ar\/index.php\/author\/astroast\/"},"uagb_comment_info":0,"uagb_excerpt":"Programa de radio \u201cTu astrolog\u00eda\u201d del 12 de febrero de 2026 conducido por V\u00edctor Landolfi por \u2060\u2060radio Divergentes\u2060\u2060 de Capilla del Monte, C\u00f3rdoba, Argentina. Hablamos de qu\u00e9 significan los eclipses y de c\u00f3mo entenderlos para que sean un beneficio para nuestro bienestar y evoluci\u00f3n; de ver las contradicciones y sucesos inesperados con los que vivimos&hellip;","_links":{"self":[{"href":"https:\/\/astroastrologia.com.ar\/index.php\/wp-json\/wp\/v2\/pages\/3699","targetHints":{"allow":["GET"]}}],"collection":[{"href":"https:\/\/astroastrologia.com.ar\/index.php\/wp-json\/wp\/v2\/pages"}],"about":[{"href":"https:\/\/astroastrologia.com.ar\/index.php\/wp-json\/wp\/v2\/types\/page"}],"author":[{"embeddable":true,"href":"https:\/\/astroastrologia.com.ar\/index.php\/wp-json\/wp\/v2\/users\/1"}],"replies":[{"embeddable":true,"href":"https:\/\/astroastrologia.com.ar\/index.php\/wp-json\/wp\/v2\/comments?post=3699"}],"version-history":[{"count":1,"href":"https:\/\/astroastrologia.com.ar\/index.php\/wp-json\/wp\/v2\/pages\/3699\/revisions"}],"predecessor-version":[{"id":3700,"href":"https:\/\/astroastrologia.com.ar\/index.php\/wp-json\/wp\/v2\/pages\/3699\/revisions\/3700"}],"wp:attachment":[{"href":"https:\/\/astroastrologia.com.ar\/index.php\/wp-json\/wp\/v2\/media?parent=3699"}],"curies":[{"name":"wp","href":"https:\/\/api.w.org\/{rel}","templated":true}]}}