{"id":2474,"date":"2024-05-08T13:10:02","date_gmt":"2024-05-08T13:10:02","guid":{"rendered":"https:\/\/astroastrologia.com.ar\/?page_id=2474"},"modified":"2024-05-08T13:10:02","modified_gmt":"2024-05-08T13:10:02","slug":"el-don-creativo-programa-cardinales","status":"publish","type":"page","link":"https:\/\/astroastrologia.com.ar\/index.php\/el-don-creativo-programa-cardinales\/","title":{"rendered":"El don creativo. Programa &#8220;Cardinales&#8221;."},"content":{"rendered":"\n<p>Video del programa &#8220;Cardinales&#8221;.<\/p>\n\n\n\n<p>En este video hablamos de nuestros dones ocultos, de lo que ellos significan, y de c\u00f3mo activarlos en nuestra vida para que sean de utilidad para nosotros y para los dem\u00e1s. Participan Luz Uboldi, V\u00edctor Landolfi y Llamada Neptuna.<\/p>\n\n\n\n<figure class=\"wp-block-embed is-type-video is-provider-youtube wp-block-embed-youtube wp-embed-aspect-16-9 wp-has-aspect-ratio\"><div class=\"wp-block-embed__wrapper\">\n<iframe loading=\"lazy\" title=\"5to programa | \u00bfC\u00f3mo activar el Don Creativo?\" width=\"500\" height=\"281\" src=\"https:\/\/www.youtube.com\/embed\/jnkJbZyvHSI?feature=oembed\" frameborder=\"0\" allow=\"accelerometer; autoplay; clipboard-write; encrypted-media; gyroscope; picture-in-picture; web-share\" referrerpolicy=\"strict-origin-when-cross-origin\" allowfullscreen><\/iframe>\n<\/div><\/figure>\n\n\n\n<div style=\"height:41px\" aria-hidden=\"true\" class=\"wp-block-spacer\"><\/div>\n\n\n\n<div class=\"wp-block-uagb-separator uagb-block-cd86eea5\"><div class=\"wp-block-uagb-separator__inner\" style=\"--my-background-image:\"><\/div><\/div>\n\n\n\n<div style=\"height:41px\" aria-hidden=\"true\" class=\"wp-block-spacer\"><\/div>\n\n\n\n<h3 class=\"wp-block-heading has-text-align-center\"><strong>Ver la lista de reproducci\u00f3n completa de videos del programa &#8220;Cardinales&#8221;<\/strong><\/h3>\n\n\n\n<figure class=\"wp-block-embed is-type-video is-provider-youtube wp-block-embed-youtube wp-embed-aspect-16-9 wp-has-aspect-ratio\"><div class=\"wp-block-embed__wrapper\">\n<iframe loading=\"lazy\" title=\"Programa &quot;Cardinales&quot;.\" width=\"500\" height=\"281\" src=\"https:\/\/www.youtube.com\/embed\/videoseries?list=PLk0ZSIrKNiWBLfmgIVi99pz6CKQjFSV_Z\" frameborder=\"0\" allow=\"accelerometer; autoplay; clipboard-write; encrypted-media; gyroscope; picture-in-picture; web-share\" referrerpolicy=\"strict-origin-when-cross-origin\" allowfullscreen><\/iframe>\n<\/div><\/figure>\n","protected":false},"excerpt":{"rendered":"<p>Video del programa &#8220;Cardinales&#8221;. En este video hablamos de nuestros dones ocultos, de lo que ellos significan, y de c\u00f3mo activarlos en nuestra vida para que sean de utilidad para nosotros y para los dem\u00e1s. Participan Luz Uboldi, V\u00edctor Landolfi y Llamada Neptuna. Ver la lista de reproducci\u00f3n completa de videos del programa &#8220;Cardinales&#8221;<\/p>\n","protected":false},"author":1,"featured_media":2475,"parent":0,"menu_order":0,"comment_status":"closed","ping_status":"closed","template":"","meta":{"_uag_custom_page_level_css":"","footnotes":""},"class_list":["post-2474","page","type-page","status-publish","has-post-thumbnail","hentry"],"uagb_featured_image_src":{"full":["https:\/\/astroastrologia.com.ar\/wp-content\/uploads\/2024\/05\/WhatsApp-Image-2024-05-03-at-11.30.35.jpeg",1080,1080,false],"thumbnail":["https:\/\/astroastrologia.com.ar\/wp-content\/uploads\/2024\/05\/WhatsApp-Image-2024-05-03-at-11.30.35-150x150.jpeg",150,150,true],"medium":["https:\/\/astroastrologia.com.ar\/wp-content\/uploads\/2024\/05\/WhatsApp-Image-2024-05-03-at-11.30.35-300x300.jpeg",300,300,true],"medium_large":["https:\/\/astroastrologia.com.ar\/wp-content\/uploads\/2024\/05\/WhatsApp-Image-2024-05-03-at-11.30.35-768x768.jpeg",768,768,true],"large":["https:\/\/astroastrologia.com.ar\/wp-content\/uploads\/2024\/05\/WhatsApp-Image-2024-05-03-at-11.30.35-1024x1024.jpeg",1024,1024,true],"1536x1536":["https:\/\/astroastrologia.com.ar\/wp-content\/uploads\/2024\/05\/WhatsApp-Image-2024-05-03-at-11.30.35.jpeg",1080,1080,false],"2048x2048":["https:\/\/astroastrologia.com.ar\/wp-content\/uploads\/2024\/05\/WhatsApp-Image-2024-05-03-at-11.30.35.jpeg",1080,1080,false],"audioigniter_cover":["https:\/\/astroastrologia.com.ar\/wp-content\/uploads\/2024\/05\/WhatsApp-Image-2024-05-03-at-11.30.35-560x560.jpeg",560,560,true]},"uagb_author_info":{"display_name":"admin","author_link":"https:\/\/astroastrologia.com.ar\/index.php\/author\/astroast\/"},"uagb_comment_info":0,"uagb_excerpt":"Video del programa &#8220;Cardinales&#8221;. En este video hablamos de nuestros dones ocultos, de lo que ellos significan, y de c\u00f3mo activarlos en nuestra vida para que sean de utilidad para nosotros y para los dem\u00e1s. Participan Luz Uboldi, V\u00edctor Landolfi y Llamada Neptuna. Ver la lista de reproducci\u00f3n completa de videos del programa &#8220;Cardinales&#8221;","_links":{"self":[{"href":"https:\/\/astroastrologia.com.ar\/index.php\/wp-json\/wp\/v2\/pages\/2474","targetHints":{"allow":["GET"]}}],"collection":[{"href":"https:\/\/astroastrologia.com.ar\/index.php\/wp-json\/wp\/v2\/pages"}],"about":[{"href":"https:\/\/astroastrologia.com.ar\/index.php\/wp-json\/wp\/v2\/types\/page"}],"author":[{"embeddable":true,"href":"https:\/\/astroastrologia.com.ar\/index.php\/wp-json\/wp\/v2\/users\/1"}],"replies":[{"embeddable":true,"href":"https:\/\/astroastrologia.com.ar\/index.php\/wp-json\/wp\/v2\/comments?post=2474"}],"version-history":[{"count":2,"href":"https:\/\/astroastrologia.com.ar\/index.php\/wp-json\/wp\/v2\/pages\/2474\/revisions"}],"predecessor-version":[{"id":2478,"href":"https:\/\/astroastrologia.com.ar\/index.php\/wp-json\/wp\/v2\/pages\/2474\/revisions\/2478"}],"wp:featuredmedia":[{"embeddable":true,"href":"https:\/\/astroastrologia.com.ar\/index.php\/wp-json\/wp\/v2\/media\/2475"}],"wp:attachment":[{"href":"https:\/\/astroastrologia.com.ar\/index.php\/wp-json\/wp\/v2\/media?parent=2474"}],"curies":[{"name":"wp","href":"https:\/\/api.w.org\/{rel}","templated":true}]}}