{"id":2076,"date":"2023-12-01T11:44:30","date_gmt":"2023-12-01T11:44:30","guid":{"rendered":"https:\/\/astroastrologia.com.ar\/?page_id=2076"},"modified":"2026-01-03T00:58:33","modified_gmt":"2026-01-03T00:58:33","slug":"consultas-astrologicas-en-general","status":"publish","type":"page","link":"https:\/\/astroastrologia.com.ar\/index.php\/consultas-astrologicas-en-general\/","title":{"rendered":"Consultas astrol\u00f3gicas en general"},"content":{"rendered":"\n<p>Consultas personales presenciales, y tambi\u00e9n de modo virtual online.<\/p>\n\n\n\n<p>Te ofrecemos, adem\u00e1s del an\u00e1lisis y estudios de tu carta natal y revoluci\u00f3n solar, la posibilidad de hacer tus propias consultas personales a las cu\u00e1les responderemos desde la interpretaci\u00f3n de tu carta astral y revoluci\u00f3n solar del a\u00f1o en curso o de a\u00f1os anteriores o futuros. Al mismo tiempo, para responder tus consultas utilizaremos otras herramientas de estudio de la astrolog\u00eda como son las sinastr\u00edas y las progresiones, entre otras tantas.<\/p>\n\n\n\n<p class=\"has-text-align-right\">V\u00edctor Landolfi<\/p>\n\n\n\n<div class=\"wp-block-uagb-separator uagb-block-b8420e83\"><div class=\"wp-block-uagb-separator__inner\" style=\"--my-background-image:\"><\/div><\/div>\n\n\n\n<h4 class=\"wp-block-heading has-text-align-center\"><strong>Lista de reproducci\u00f3n completa de los audios de V\u00edctor Landolfi hablando sobre distintos temas de astrolog\u00eda.<\/strong><\/h4>\n\n\n\n<figure class=\"wp-block-embed is-type-video is-provider-youtube wp-block-embed-youtube wp-embed-aspect-16-9 wp-has-aspect-ratio\"><div class=\"wp-block-embed__wrapper\">\n<iframe loading=\"lazy\" title=\"Lista de reproducci\u00f3n de audios sobre astrolog\u00eda\" width=\"500\" height=\"281\" src=\"https:\/\/www.youtube.com\/embed\/videoseries?list=PLk0ZSIrKNiWBuLnyAOJTu41cRzNtYOnty\" frameborder=\"0\" allow=\"accelerometer; autoplay; clipboard-write; encrypted-media; gyroscope; picture-in-picture; web-share\" referrerpolicy=\"strict-origin-when-cross-origin\" allowfullscreen><\/iframe>\n<\/div><\/figure>\n","protected":false},"excerpt":{"rendered":"<p>Consultas personales presenciales, y tambi\u00e9n de modo virtual online. Te ofrecemos, adem\u00e1s del an\u00e1lisis y estudios de tu carta natal y revoluci\u00f3n solar, la posibilidad de hacer tus propias consultas personales a las cu\u00e1les responderemos desde la interpretaci\u00f3n de tu carta astral y revoluci\u00f3n solar del a\u00f1o en curso o de a\u00f1os anteriores o futuros. [&hellip;]<\/p>\n","protected":false},"author":1,"featured_media":2005,"parent":0,"menu_order":0,"comment_status":"closed","ping_status":"closed","template":"","meta":{"_uag_custom_page_level_css":"","footnotes":""},"class_list":["post-2076","page","type-page","status-publish","has-post-thumbnail","hentry"],"uagb_featured_image_src":{"full":["https:\/\/astroastrologia.com.ar\/wp-content\/uploads\/2023\/11\/astronomical-clock-5706_1280.jpg",1280,960,false],"thumbnail":["https:\/\/astroastrologia.com.ar\/wp-content\/uploads\/2023\/11\/astronomical-clock-5706_1280-150x150.jpg",150,150,true],"medium":["https:\/\/astroastrologia.com.ar\/wp-content\/uploads\/2023\/11\/astronomical-clock-5706_1280-300x225.jpg",300,225,true],"medium_large":["https:\/\/astroastrologia.com.ar\/wp-content\/uploads\/2023\/11\/astronomical-clock-5706_1280-768x576.jpg",768,576,true],"large":["https:\/\/astroastrologia.com.ar\/wp-content\/uploads\/2023\/11\/astronomical-clock-5706_1280-1024x768.jpg",1024,768,true],"1536x1536":["https:\/\/astroastrologia.com.ar\/wp-content\/uploads\/2023\/11\/astronomical-clock-5706_1280.jpg",1280,960,false],"2048x2048":["https:\/\/astroastrologia.com.ar\/wp-content\/uploads\/2023\/11\/astronomical-clock-5706_1280.jpg",1280,960,false],"audioigniter_cover":["https:\/\/astroastrologia.com.ar\/wp-content\/uploads\/2023\/11\/astronomical-clock-5706_1280.jpg",560,420,false]},"uagb_author_info":{"display_name":"admin","author_link":"https:\/\/astroastrologia.com.ar\/index.php\/author\/astroast\/"},"uagb_comment_info":0,"uagb_excerpt":"Consultas personales presenciales, y tambi\u00e9n de modo virtual online. Te ofrecemos, adem\u00e1s del an\u00e1lisis y estudios de tu carta natal y revoluci\u00f3n solar, la posibilidad de hacer tus propias consultas personales a las cu\u00e1les responderemos desde la interpretaci\u00f3n de tu carta astral y revoluci\u00f3n solar del a\u00f1o en curso o de a\u00f1os anteriores o futuros.&hellip;","_links":{"self":[{"href":"https:\/\/astroastrologia.com.ar\/index.php\/wp-json\/wp\/v2\/pages\/2076","targetHints":{"allow":["GET"]}}],"collection":[{"href":"https:\/\/astroastrologia.com.ar\/index.php\/wp-json\/wp\/v2\/pages"}],"about":[{"href":"https:\/\/astroastrologia.com.ar\/index.php\/wp-json\/wp\/v2\/types\/page"}],"author":[{"embeddable":true,"href":"https:\/\/astroastrologia.com.ar\/index.php\/wp-json\/wp\/v2\/users\/1"}],"replies":[{"embeddable":true,"href":"https:\/\/astroastrologia.com.ar\/index.php\/wp-json\/wp\/v2\/comments?post=2076"}],"version-history":[{"count":4,"href":"https:\/\/astroastrologia.com.ar\/index.php\/wp-json\/wp\/v2\/pages\/2076\/revisions"}],"predecessor-version":[{"id":3427,"href":"https:\/\/astroastrologia.com.ar\/index.php\/wp-json\/wp\/v2\/pages\/2076\/revisions\/3427"}],"wp:featuredmedia":[{"embeddable":true,"href":"https:\/\/astroastrologia.com.ar\/index.php\/wp-json\/wp\/v2\/media\/2005"}],"wp:attachment":[{"href":"https:\/\/astroastrologia.com.ar\/index.php\/wp-json\/wp\/v2\/media?parent=2076"}],"curies":[{"name":"wp","href":"https:\/\/api.w.org\/{rel}","templated":true}]}}