{"id":1966,"date":"2023-11-26T14:38:49","date_gmt":"2023-11-26T14:38:49","guid":{"rendered":"https:\/\/astroastrologia.com.ar\/?page_id=1966"},"modified":"2026-01-03T01:02:31","modified_gmt":"2026-01-03T01:02:31","slug":"los-suenos-en-astrologia-casa-xii","status":"publish","type":"page","link":"https:\/\/astroastrologia.com.ar\/index.php\/los-suenos-en-astrologia-casa-xii\/","title":{"rendered":"Los sue\u00f1os en astrolog\u00eda. La casa 12"},"content":{"rendered":"\n<p>Hay esencialmente 2 maneras de ver el tema de los sue\u00f1os. Una es entender a los sue\u00f1os como deseos, cosas que quisi\u00e9ramos lograr, etc. Y otra tiene que ver con la actividad on\u00edrica, con esa informaci\u00f3n que se nos revela de modo permanente la cual nos da pistas de aquello que nos puede pasar, o de c\u00f3mo interpretar cosas que ya nos pasaron, o de c\u00f3mo entender ciertas situaciones o v\u00ednculos.<\/p>\n\n\n\n<p>En alg\u00fan punto ambas maneras de entender los sue\u00f1os pueden estar relacionadas a pesar de parecer ser 2 cosas distintas. Es decir, si por un lado los sue\u00f1os constituyen nuestros deseos; los sue\u00f1os, desde el punto de vista de la actividad on\u00edrica, nos pueden dar informaci\u00f3n sobre cu\u00e1les son esos deseos y c\u00f3mo realizarlos.<\/p>\n\n\n\n<p>Esto \u00faltimo tiene mucho que ver con la interpretaci\u00f3n de los sue\u00f1os lo cual es un conocimiento que excede a la astrolog\u00eda y a lo que aqu\u00ed queremos explicar sobre los sue\u00f1os; pero es importante tener en cuenta este v\u00ednculo entre ambas formas de entender qu\u00e9 cosas son los sue\u00f1os.<\/p>\n\n\n\n<p>Nosotros vamos a hablar de ambas formas de ver los sue\u00f1os. En astrolog\u00eda podemos pensar principalmente en 3 planetas que se refieren a los sue\u00f1os como deseos por lograr; ellos son Marte, J\u00fapiter y Saturno, y quiz\u00e1 tambi\u00e9n en menor medida Venus.<\/p>\n\n\n\n<p>Una de las cosas que Marte representa es nuestros sue\u00f1os o deseos m\u00e1s profundos, lo cual lo tenemos que indagar en la posici\u00f3n y las relaciones de este planeta en nuestra carta astral.<\/p>\n\n\n\n<p>J\u00fapiter, y en alguna medida tambi\u00e9n Venus, nos va a hablar de aquello que vamos a querer encontrar y desarrollar; aquello que nos va a gustar y vamos a querer multiplicar y, si lo hacemos bien, vamos a brillar en esas cosas que hagamos. J\u00fapiter tiene que ver con buscar y explorar lo que nos gusta, con formas de ser y de pensar que nos van a hacer sentir plenos.<\/p>\n\n\n\n<p>Por supuesto, habr\u00e1 que ver la posici\u00f3n particular de J\u00fapiter en nuestra carta natal y sus relaciones con otros elementos para saber cu\u00e1les son esas cosas a las que queremos llegar, y cu\u00e1les sus dificultades y desaf\u00edos. Y con respecto a esto \u00faltimo debemos tener en cuenta a Saturno, y particularmente su energ\u00eda y su funci\u00f3n en nuestra vida.<\/p>\n\n\n\n<p>J\u00fapiter y Saturno son considerados antag\u00f3nicos en el sentido que nos llevan en direcciones aparentemente opuestas. Es decir, J\u00fapiter quiere conocer y hacer cosas que le gusta; mientras que Saturno nos hace dudar, nos hace ver la parte dif\u00edcil o peligrosa de aquellas cosas llev\u00e1ndonos al miedo o a la inacci\u00f3n, pudi\u00e9ndonos hacer sentir frustrados o que no somos suficientemente capaces de llegar a aquello que J\u00fapiter nos propone.<\/p>\n\n\n\n<p>Ahora, estas 2 fuerzas aparentemente antag\u00f3nicas son complementarias y se necesitan una a la otra ya que sin los recaudos de Saturno ser\u00eda dif\u00edcil concretar aquellos a lo que nos lleva J\u00fapiter y, al mismo tiempo, sin la energ\u00eda de J\u00fapiter y solo con Saturno correr\u00edamos el riesgo de volvernos extremadamente cautelosos y gobernados por las dudas y los miedos, lo que conducir\u00eda a que nunca hagamos nada sin siquiera intentarlo.<\/p>\n\n\n\n<p>Pasemos ahora al tema de los sue\u00f1os entendidos como actividad on\u00edrica. Hay 3 elementos principales en nuestra carta natal que tienen que ver con esto; ellos son el planeta Neptuno como regente del signo de Piscis, y la casa 12 que es la casa que corresponde a ellos.<\/p>\n\n\n\n<p>La ubicaci\u00f3n de esta casa en cualquier carta astral es justo antes del ascendente, que es aquello a lo que estamos llamados a ser por medio de nuestras experiencias en la vida. Esto se puede interpretar como lo que tenemos antes de empezar a existir (de nuestro nacimiento); el ascendente est\u00e1 siempre al inicio de la casa 1 que es el \u201cyo soy\u201d, y tiene que ver con el desarrollo de nuestra personalidad. Esto significa que todo aquello que forme parte de la casa 12 estar\u00e1 presente pero no se manifestar\u00e1 abiertamente como s\u00ed se manifiestan los temas que involucran a las otras 11 casas.<\/p>\n\n\n\n<p>Aquellos planetas que est\u00e9n en la casa 12, como as\u00ed tambi\u00e9n los signos que ocupen el espacio de esta casa, y tambi\u00e9n los planetas regentes de esos signos que podr\u00e1n estar ubicados en otras casas; todo esto puede ser visto como fuerzas en direcci\u00f3n hacia dentro de nosotros mismos. La mayor cantidad de elementos que tengamos en esta casa va a tener que ver con nuestra mayor actividad mental, nuestra imaginaci\u00f3n, la capacidad de vivir situaciones que solo ocurren en nuestro interior.<\/p>\n\n\n\n<p>La casa 12 es llamada la casa de los sue\u00f1os, y tambi\u00e9n la casa del karma (de las vidas pasadas). Y como ya dijimos, en ella hay cosas que ya est\u00e1n presentes antes de nuestro nacimiento (comienzo de la casa 1 y ascendente) y de ah\u00ed se puede ver lo del karma o vidas pasadas. En el caso de los sue\u00f1os, ellos suelen ser una suerte de v\u00e1lvula de escape de mucha tensi\u00f3n interna que la composici\u00f3n de esta casa nos puede causar; los sue\u00f1os es otra forma de vivir la energ\u00eda de los elementos de la casa 12 la cual se dirige siempre hacia nosotros mismos.<\/p>\n\n\n\n<p>Los sue\u00f1os ser\u00e1n, entonces, historias que representar\u00e1n muchos de estos impulsos causados por los elementos que compongan nuestra casa 12. Gracias a t\u00e9cnicas como la interpretaci\u00f3n de sue\u00f1os podremos saber qu\u00e9 significan algunas de esas cosas que se nos aparecen en los sue\u00f1os, pudiendo incluso hacer una interpretaci\u00f3n astrol\u00f3gica de ellas relacion\u00e1ndolas a los elementos que conforman nuestra casa 12.<\/p>\n\n\n\n<p>Por lo tanto, los sue\u00f1os como as\u00ed tambi\u00e9n toda nuestra actividad mental de imaginaci\u00f3n, est\u00e1n all\u00ed para que desde nuestra conciencia los analicemos y comprendamos para as\u00ed, gradualmente, poder manifestar positivamente en nuestra vida concreta aquellos elementos que forman nuestra casa 12. En esos sue\u00f1os e imaginaciones habr\u00e1n seguramente dones como as\u00ed tambi\u00e9n deseos que, en caso de poder materializarlos en nuestras vidas, ser\u00e1n de gran beneficio para nuestra evoluci\u00f3n personal, y tambi\u00e9n para servir y ayudar a los dem\u00e1s.&nbsp;<\/p>\n\n\n\n<p class=\"has-text-align-right\">V\u00edctor Landolfi<\/p>\n\n\n\n<div class=\"wp-block-uagb-separator uagb-block-b8420e83\"><div class=\"wp-block-uagb-separator__inner\" style=\"--my-background-image:\"><\/div><\/div>\n\n\n\n<h4 class=\"wp-block-heading has-text-align-center\"><strong>Lista de reproducci\u00f3n completa de los audios de V\u00edctor Landolfi hablando sobre distintos temas de astrolog\u00eda.<\/strong><\/h4>\n\n\n\n<figure class=\"wp-block-embed is-type-video is-provider-youtube wp-block-embed-youtube wp-embed-aspect-16-9 wp-has-aspect-ratio\"><div class=\"wp-block-embed__wrapper\">\n<iframe loading=\"lazy\" title=\"Lista de reproducci\u00f3n de audios sobre astrolog\u00eda\" width=\"500\" height=\"281\" src=\"https:\/\/www.youtube.com\/embed\/videoseries?list=PLk0ZSIrKNiWBuLnyAOJTu41cRzNtYOnty\" frameborder=\"0\" allow=\"accelerometer; autoplay; clipboard-write; encrypted-media; gyroscope; picture-in-picture; web-share\" referrerpolicy=\"strict-origin-when-cross-origin\" allowfullscreen><\/iframe>\n<\/div><\/figure>\n","protected":false},"excerpt":{"rendered":"<p>Hay esencialmente 2 maneras de ver el tema de los sue\u00f1os. Una es entender a los sue\u00f1os como deseos, cosas que quisi\u00e9ramos lograr, etc. Y otra tiene que ver con la actividad on\u00edrica, con esa informaci\u00f3n que se nos revela de modo permanente la cual nos da pistas de aquello que nos puede pasar, o [&hellip;]<\/p>\n","protected":false},"author":1,"featured_media":1901,"parent":0,"menu_order":0,"comment_status":"closed","ping_status":"closed","template":"","meta":{"_uag_custom_page_level_css":"","footnotes":""},"class_list":["post-1966","page","type-page","status-publish","has-post-thumbnail","hentry"],"uagb_featured_image_src":{"full":["https:\/\/astroastrologia.com.ar\/wp-content\/uploads\/2023\/11\/astrology-4541008_640.jpg",640,427,false],"thumbnail":["https:\/\/astroastrologia.com.ar\/wp-content\/uploads\/2023\/11\/astrology-4541008_640-150x150.jpg",150,150,true],"medium":["https:\/\/astroastrologia.com.ar\/wp-content\/uploads\/2023\/11\/astrology-4541008_640-300x200.jpg",300,200,true],"medium_large":["https:\/\/astroastrologia.com.ar\/wp-content\/uploads\/2023\/11\/astrology-4541008_640.jpg",640,427,false],"large":["https:\/\/astroastrologia.com.ar\/wp-content\/uploads\/2023\/11\/astrology-4541008_640.jpg",640,427,false],"1536x1536":["https:\/\/astroastrologia.com.ar\/wp-content\/uploads\/2023\/11\/astrology-4541008_640.jpg",640,427,false],"2048x2048":["https:\/\/astroastrologia.com.ar\/wp-content\/uploads\/2023\/11\/astrology-4541008_640.jpg",640,427,false],"audioigniter_cover":["https:\/\/astroastrologia.com.ar\/wp-content\/uploads\/2023\/11\/astrology-4541008_640.jpg",560,374,false]},"uagb_author_info":{"display_name":"admin","author_link":"https:\/\/astroastrologia.com.ar\/index.php\/author\/astroast\/"},"uagb_comment_info":0,"uagb_excerpt":"Hay esencialmente 2 maneras de ver el tema de los sue\u00f1os. Una es entender a los sue\u00f1os como deseos, cosas que quisi\u00e9ramos lograr, etc. Y otra tiene que ver con la actividad on\u00edrica, con esa informaci\u00f3n que se nos revela de modo permanente la cual nos da pistas de aquello que nos puede pasar, o&hellip;","_links":{"self":[{"href":"https:\/\/astroastrologia.com.ar\/index.php\/wp-json\/wp\/v2\/pages\/1966","targetHints":{"allow":["GET"]}}],"collection":[{"href":"https:\/\/astroastrologia.com.ar\/index.php\/wp-json\/wp\/v2\/pages"}],"about":[{"href":"https:\/\/astroastrologia.com.ar\/index.php\/wp-json\/wp\/v2\/types\/page"}],"author":[{"embeddable":true,"href":"https:\/\/astroastrologia.com.ar\/index.php\/wp-json\/wp\/v2\/users\/1"}],"replies":[{"embeddable":true,"href":"https:\/\/astroastrologia.com.ar\/index.php\/wp-json\/wp\/v2\/comments?post=1966"}],"version-history":[{"count":5,"href":"https:\/\/astroastrologia.com.ar\/index.php\/wp-json\/wp\/v2\/pages\/1966\/revisions"}],"predecessor-version":[{"id":3432,"href":"https:\/\/astroastrologia.com.ar\/index.php\/wp-json\/wp\/v2\/pages\/1966\/revisions\/3432"}],"wp:featuredmedia":[{"embeddable":true,"href":"https:\/\/astroastrologia.com.ar\/index.php\/wp-json\/wp\/v2\/media\/1901"}],"wp:attachment":[{"href":"https:\/\/astroastrologia.com.ar\/index.php\/wp-json\/wp\/v2\/media?parent=1966"}],"curies":[{"name":"wp","href":"https:\/\/api.w.org\/{rel}","templated":true}]}}